{"id":294,"date":"2024-03-26T23:45:22","date_gmt":"2024-03-26T22:45:22","guid":{"rendered":"http:\/\/altiliumtechnology.com\/oglasavanje\/"},"modified":"2024-05-07T15:32:47","modified_gmt":"2024-05-07T13:32:47","slug":"oglasavanje","status":"publish","type":"page","link":"https:\/\/altiliumtechnology.com\/hr\/b2b\/oglasavanje\/","title":{"rendered":"Ogla\u0161avanje"},"content":{"rendered":"","protected":false},"excerpt":{"rendered":"<p> [&#8230;]<\/p>\n<p><a class=\"btn btn-secondary virtualna-read-more-link\" href=\"https:\/\/altiliumtechnology.com\/hr\/b2b\/oglasavanje\/\">Read More&#8230;<span class=\"screen-reader-text\"> from Ogla\u0161avanje<\/span><\/a><\/p>\n","protected":false},"author":1,"featured_media":0,"parent":298,"menu_order":0,"comment_status":"closed","ping_status":"closed","template":"page-templates\/single-b2b.php","meta":{"_acf_changed":false,"footnotes":""},"class_list":["post-294","page","type-page","status-publish","hentry"],"acf":[],"yoast_head":"<!-- This site is optimized with the Yoast SEO plugin v24.0 - https:\/\/yoast.com\/wordpress\/plugins\/seo\/ -->\n<title>Ogla\u0161avanje - Altilium Technology - Innovative energy solutions<\/title>\n<meta name=\"description\" content=\"Iskoristite pogodnosti strate\u0161kih partnerstava: Pove\u0107ajte vidljivost svog brenda s Boxyjevim inovativnim marketin\u0161kim rje\u0161enjima Pove\u0107ajte vidljivost brenda uz Box!\" \/>\n<meta name=\"robots\" content=\"index, follow, max-snippet:-1, max-image-preview:large, max-video-preview:-1\" \/>\n<link rel=\"canonical\" href=\"https:\/\/altiliumtechnology.com\/hr\/b2b\/oglasavanje\/\" \/>\n<meta property=\"og:locale\" content=\"hr_HR\" \/>\n<meta property=\"og:type\" content=\"article\" \/>\n<meta property=\"og:title\" content=\"Ogla\u0161avanje - Altilium Technology - Innovative energy solutions\" \/>\n<meta property=\"og:description\" content=\"Iskoristite pogodnosti strate\u0161kih partnerstava: Pove\u0107ajte vidljivost svog brenda s Boxyjevim inovativnim marketin\u0161kim rje\u0161enjima Pove\u0107ajte vidljivost brenda uz Box!\" \/>\n<meta property=\"og:url\" content=\"https:\/\/altiliumtechnology.com\/hr\/b2b\/oglasavanje\/\" \/>\n<meta property=\"og:site_name\" content=\"Altilium Technology\" \/>\n<meta property=\"article:modified_time\" content=\"2024-05-07T13:32:47+00:00\" \/>\n<meta property=\"og:image\" content=\"https:\/\/altiliumtechnology.com\/wp-content\/uploads\/2024\/03\/cropped-favicon.png\" \/>\n\t<meta property=\"og:image:width\" content=\"512\" \/>\n\t<meta property=\"og:image:height\" content=\"512\" \/>\n\t<meta property=\"og:image:type\" content=\"image\/png\" \/>\n<meta name=\"twitter:card\" content=\"summary_large_image\" \/>\n<script type=\"application\/ld+json\" class=\"yoast-schema-graph\">{\"@context\":\"https:\/\/schema.org\",\"@graph\":[{\"@type\":\"WebPage\",\"@id\":\"https:\/\/altiliumtechnology.com\/hr\/b2b\/oglasavanje\/\",\"url\":\"https:\/\/altiliumtechnology.com\/hr\/b2b\/oglasavanje\/\",\"name\":\"Ogla\u0161avanje - Altilium Technology - Innovative energy solutions\",\"isPartOf\":{\"@id\":\"https:\/\/altiliumtechnology.com\/#website\"},\"datePublished\":\"2024-03-26T22:45:22+00:00\",\"dateModified\":\"2024-05-07T13:32:47+00:00\",\"description\":\"Iskoristite pogodnosti strate\u0161kih partnerstava: Pove\u0107ajte vidljivost svog brenda s Boxyjevim inovativnim marketin\u0161kim rje\u0161enjima Pove\u0107ajte vidljivost brenda uz Box!\",\"breadcrumb\":{\"@id\":\"https:\/\/altiliumtechnology.com\/hr\/b2b\/oglasavanje\/#breadcrumb\"},\"inLanguage\":\"hr\",\"potentialAction\":[{\"@type\":\"ReadAction\",\"target\":[\"https:\/\/altiliumtechnology.com\/hr\/b2b\/oglasavanje\/\"]}]},{\"@type\":\"BreadcrumbList\",\"@id\":\"https:\/\/altiliumtechnology.com\/hr\/b2b\/oglasavanje\/#breadcrumb\",\"itemListElement\":[{\"@type\":\"ListItem\",\"position\":1,\"name\":\"Home\",\"item\":\"https:\/\/altiliumtechnology.com\/hr\/\"},{\"@type\":\"ListItem\",\"position\":2,\"name\":\"B2B\",\"item\":\"https:\/\/altiliumtechnology.com\/hr\/b2b\/\"},{\"@type\":\"ListItem\",\"position\":3,\"name\":\"Ogla\u0161avanje\"}]},{\"@type\":\"WebSite\",\"@id\":\"https:\/\/altiliumtechnology.com\/#website\",\"url\":\"https:\/\/altiliumtechnology.com\/\",\"name\":\"Altilium Technology\",\"description\":\"Innovative energy solutions\",\"publisher\":{\"@id\":\"https:\/\/altiliumtechnology.com\/#organization\"},\"potentialAction\":[{\"@type\":\"SearchAction\",\"target\":{\"@type\":\"EntryPoint\",\"urlTemplate\":\"https:\/\/altiliumtechnology.com\/?s={search_term_string}\"},\"query-input\":{\"@type\":\"PropertyValueSpecification\",\"valueRequired\":true,\"valueName\":\"search_term_string\"}}],\"inLanguage\":\"hr\"},{\"@type\":\"Organization\",\"@id\":\"https:\/\/altiliumtechnology.com\/#organization\",\"name\":\"Altilium Technology\",\"url\":\"https:\/\/altiliumtechnology.com\/\",\"logo\":{\"@type\":\"ImageObject\",\"inLanguage\":\"hr\",\"@id\":\"https:\/\/altiliumtechnology.com\/#\/schema\/logo\/image\/\",\"url\":\"https:\/\/altiliumtechnology.com\/wp-content\/uploads\/2024\/04\/cropped-altilium-tech-logo.png\",\"contentUrl\":\"https:\/\/altiliumtechnology.com\/wp-content\/uploads\/2024\/04\/cropped-altilium-tech-logo.png\",\"width\":325,\"height\":325,\"caption\":\"Altilium Technology\"},\"image\":{\"@id\":\"https:\/\/altiliumtechnology.com\/#\/schema\/logo\/image\/\"}}]}<\/script>\n<!-- \/ Yoast SEO plugin. -->","yoast_head_json":{"title":"Ogla\u0161avanje - Altilium Technology - Innovative energy solutions","description":"Iskoristite pogodnosti strate\u0161kih partnerstava: Pove\u0107ajte vidljivost svog brenda s Boxyjevim inovativnim marketin\u0161kim rje\u0161enjima Pove\u0107ajte vidljivost brenda uz Box!","robots":{"index":"index","follow":"follow","max-snippet":"max-snippet:-1","max-image-preview":"max-image-preview:large","max-video-preview":"max-video-preview:-1"},"canonical":"https:\/\/altiliumtechnology.com\/hr\/b2b\/oglasavanje\/","og_locale":"hr_HR","og_type":"article","og_title":"Ogla\u0161avanje - Altilium Technology - Innovative energy solutions","og_description":"Iskoristite pogodnosti strate\u0161kih partnerstava: Pove\u0107ajte vidljivost svog brenda s Boxyjevim inovativnim marketin\u0161kim rje\u0161enjima Pove\u0107ajte vidljivost brenda uz Box!","og_url":"https:\/\/altiliumtechnology.com\/hr\/b2b\/oglasavanje\/","og_site_name":"Altilium Technology","article_modified_time":"2024-05-07T13:32:47+00:00","og_image":[{"width":512,"height":512,"url":"https:\/\/altiliumtechnology.com\/wp-content\/uploads\/2024\/03\/cropped-favicon.png","type":"image\/png"}],"twitter_card":"summary_large_image","schema":{"@context":"https:\/\/schema.org","@graph":[{"@type":"WebPage","@id":"https:\/\/altiliumtechnology.com\/hr\/b2b\/oglasavanje\/","url":"https:\/\/altiliumtechnology.com\/hr\/b2b\/oglasavanje\/","name":"Ogla\u0161avanje - Altilium Technology - Innovative energy solutions","isPartOf":{"@id":"https:\/\/altiliumtechnology.com\/#website"},"datePublished":"2024-03-26T22:45:22+00:00","dateModified":"2024-05-07T13:32:47+00:00","description":"Iskoristite pogodnosti strate\u0161kih partnerstava: Pove\u0107ajte vidljivost svog brenda s Boxyjevim inovativnim marketin\u0161kim rje\u0161enjima Pove\u0107ajte vidljivost brenda uz Box!","breadcrumb":{"@id":"https:\/\/altiliumtechnology.com\/hr\/b2b\/oglasavanje\/#breadcrumb"},"inLanguage":"hr","potentialAction":[{"@type":"ReadAction","target":["https:\/\/altiliumtechnology.com\/hr\/b2b\/oglasavanje\/"]}]},{"@type":"BreadcrumbList","@id":"https:\/\/altiliumtechnology.com\/hr\/b2b\/oglasavanje\/#breadcrumb","itemListElement":[{"@type":"ListItem","position":1,"name":"Home","item":"https:\/\/altiliumtechnology.com\/hr\/"},{"@type":"ListItem","position":2,"name":"B2B","item":"https:\/\/altiliumtechnology.com\/hr\/b2b\/"},{"@type":"ListItem","position":3,"name":"Ogla\u0161avanje"}]},{"@type":"WebSite","@id":"https:\/\/altiliumtechnology.com\/#website","url":"https:\/\/altiliumtechnology.com\/","name":"Altilium Technology","description":"Innovative energy solutions","publisher":{"@id":"https:\/\/altiliumtechnology.com\/#organization"},"potentialAction":[{"@type":"SearchAction","target":{"@type":"EntryPoint","urlTemplate":"https:\/\/altiliumtechnology.com\/?s={search_term_string}"},"query-input":{"@type":"PropertyValueSpecification","valueRequired":true,"valueName":"search_term_string"}}],"inLanguage":"hr"},{"@type":"Organization","@id":"https:\/\/altiliumtechnology.com\/#organization","name":"Altilium Technology","url":"https:\/\/altiliumtechnology.com\/","logo":{"@type":"ImageObject","inLanguage":"hr","@id":"https:\/\/altiliumtechnology.com\/#\/schema\/logo\/image\/","url":"https:\/\/altiliumtechnology.com\/wp-content\/uploads\/2024\/04\/cropped-altilium-tech-logo.png","contentUrl":"https:\/\/altiliumtechnology.com\/wp-content\/uploads\/2024\/04\/cropped-altilium-tech-logo.png","width":325,"height":325,"caption":"Altilium Technology"},"image":{"@id":"https:\/\/altiliumtechnology.com\/#\/schema\/logo\/image\/"}}]}},"_links":{"self":[{"href":"https:\/\/altiliumtechnology.com\/hr\/wp-json\/wp\/v2\/pages\/294","targetHints":{"allow":["GET"]}}],"collection":[{"href":"https:\/\/altiliumtechnology.com\/hr\/wp-json\/wp\/v2\/pages"}],"about":[{"href":"https:\/\/altiliumtechnology.com\/hr\/wp-json\/wp\/v2\/types\/page"}],"author":[{"embeddable":true,"href":"https:\/\/altiliumtechnology.com\/hr\/wp-json\/wp\/v2\/users\/1"}],"replies":[{"embeddable":true,"href":"https:\/\/altiliumtechnology.com\/hr\/wp-json\/wp\/v2\/comments?post=294"}],"version-history":[{"count":1,"href":"https:\/\/altiliumtechnology.com\/hr\/wp-json\/wp\/v2\/pages\/294\/revisions"}],"predecessor-version":[{"id":295,"href":"https:\/\/altiliumtechnology.com\/hr\/wp-json\/wp\/v2\/pages\/294\/revisions\/295"}],"up":[{"embeddable":true,"href":"https:\/\/altiliumtechnology.com\/hr\/wp-json\/wp\/v2\/pages\/298"}],"wp:attachment":[{"href":"https:\/\/altiliumtechnology.com\/hr\/wp-json\/wp\/v2\/media?parent=294"}],"curies":[{"name":"wp","href":"https:\/\/api.w.org\/{rel}","templated":true}]}}